{"id":831,"date":"2021-10-08T00:37:35","date_gmt":"2021-10-08T00:37:35","guid":{"rendered":"https:\/\/secoop.gov.tl\/?page_id=831"},"modified":"2021-12-06T08:33:06","modified_gmt":"2021-12-06T08:33:06","slug":"profile","status":"publish","type":"page","link":"https:\/\/secoop.gov.tl\/?page_id=831","title":{"rendered":"Profile"},"content":{"rendered":"\n<div class=\"row\">\n      <div class=\"col-md-12 mg-card-box padding-20\">\n            <div class=\"yoast-breadcrumbs\"><span><span><a href=\"https:\/\/secoop.gov.tl\/\">Profile<\/a> \u00bb <strong class=\"breadcrumb_last\" aria-current=\"page\"><\/strong><\/span><\/span><\/div>\n\n\n<hr class=\"wp-block-separator\">\n\n\n\n<title><\/title>\n  <meta charset=\"utf-8\">\n  <meta name=\"viewport\" content=\"width=device-width, initial-scale=1\">\n\n<br>\n<div class=\"container\">\n  <h2><\/h2>\n  <ul class=\"nav nav-tabs\" id=\"myTab\" role=\"tablist\">\n  <li class=\"nav-item\">\n    <a class=\"nav-link active\" data-toggle=\"tab\" href=\"#historia\" role=\"tab\" aria-controls=\"historia\" style=\"color:#333333;\">Historia |<\/a>\n  <\/li>\n\n   <li class=\"nav-item\">\n    <a class=\"nav-link\" data-toggle=\"tab\" href=\"#vizaun\" role=\"tab\" aria-controls=\"vizaun\" style=\"color:#333333;\">Vizaun &amp; Misaun |<\/a>\n  <\/li>\n\n <li class=\"nav-item\">\n    <a class=\"nav-link\" data-toggle=\"tab\" href=\"#objetivu\" role=\"tab\" aria-controls=\"objetivu\" style=\"color:#333333;\">Objetivu |<\/a>\n  <\/li>\n\n \n<\/ul>\n\n<div class=\"tab-content\">\n\n  <!-- Start of human resource -->\n  <div class=\"tab-pane active\" id=\"historia\" role=\"tabpanel\">\n <div class=\"row\">\n      <div class=\"col-md-6 text-justify\">\n    <h4>Historia:<\/h4>\n\nCooperativa Jeralmente hahu iha tinan 1844 iha rai Inglatera no liu tiha tinan tolu moris  Cooperative credito (Credit Union) iha rai Alemanha ho ninia ezistensia besik liu tinan 200 ona maka Cooperativa ejiste iha mundu liuliu populasaun Timor-Leste moris iha kultura soliedariedade no auto-suficiencia nu\u2019udar asaun konkretu Cooperativa nian hanesan, \u201clia metan ka lia mutin\u201d familia hamutuk hakma-an malu liu husi sosio, ka tau hamutuk beins ka osan hodi hakotu problema ne\u2019ebe vizinhu ka family infrenta.\n<br><br>\n<p>Luta ba Libertasaun Nasional lideransa sira hahu liu husi harii Cooperativa iha base hanesan; Prezidenti Nicolau Lobato harii Cooperativa iha susco Fahilebu sub distritu Bazartete, Distritu Liquica no Komisariu Politiku FRETILIN Vicente Reis (SAHE) harii Cooperativa iha Vemasse, Baucau, Suco Bucoli, Ostiku no Loilubu iha tinan 1974.<\/p>\n<p>Objetivu husi lideransa sira harii Cooperativa iha tinan 1974, nu\u2019udar instrument ka meiu ida atu sustenta luta, hahu luta harii Cooperativa laos deit meiu ekonomika maibe sai mos nu\u2019udar sentru edukasaun patriotika, hotu-hotu halibur liu husi instrumentu ne\u2019e  tamba hamutuk atu servi, misaun principal maka hakbi\u2019it ita nia luta  hodi atinji ita nia independensia. <\/p>\n<\/div>\n\n\n              <div class=\"row\">\n                <div class=\"col-md-6 text-justify\">\n                  <p> Cooperativa sai mos sentru ba edukasaun alfabetizasaun no formasaun politika, no iha Cooperativa moris mos asistente politiku barak iha kontestu iha ne\u2019eba. Katak Dr. Mari Alkatiri, Ex. PM-RDTL iha Canossa Becora, iha Seminariu ne\u2019ebe organiza husi FCCHM, 13  Agostu 2013<br><br>\n2000 iha tinan, Cooperativa credito hahu moris liu husi harii Cooperativa Fini Sorumutu tuir mos Cooperativa seluk no kresimentu Cooperativa credito husi tinan ba tinan aumenta ba beibeik.<\/p>\n<br><br>\n<p>Iha 20 Maiu 2002, I Governu Konstitusional simu pose iha ministeriu ida mak naran Ministeri Ekonomia no Dezenvolvimentu (MED), liu husi MED kria seksaun kona-ba Cooperativa, no iha 2008, Ministeriu ne\u2019ebe hanesan hasae nivel Cooperativa nian ba Direc\u00e7\u00e3o Nacional das Cooperativas (DNC) ho funsaun halao edukasaun, promosaun, mobilizasaun no organizasaun ba Cooperativa, dirijente no funsionariu sira iha DNC kuaze mai husi movimentu Cooperativa tan-ne\u2019e asegura funsaun hirak iha leten.<\/p>\n                \n                <\/div>\n                <div class=\"col-md-6 text-justify\">\n                 \n                <\/div>\n                <div><p><\/p><\/div>\n                \n                \n               <\/div>\n<\/div>\n  <\/div>\n<!-- end of -->\n\n<!-- Start -->\n\n  <div class=\"tab-pane\" id=\"vizaun\" role=\"tabpanel\">\n    <div class=\"card-body \">\n    \n    <h4>Vizaun<\/h4>\n<p>Hari sosiedade ida ho esp\u00edritu cooperativismu no forte finansialmente no ekonomikamente;<\/p>\n<h4>Misaun<\/h4>\n<p><li>Har\u00ed no promove ekonomia inkluzivu no la diskriminativu;<\/li>\n<li>Hadiak cooperativa, no kria kondisaun ba empreza ki\u2019ik sira atu sai fat\u00f3r determinante ba dezemvolvimentu socioekonomiku;<\/li>\n<li>Haburas cooperativa cr\u00e9dito atu sai intermedi\u00e1riu ba asesu finanseira;<\/li>\n<li>Hametin cooperativa, no Empreza ki\u2019ik sira atu hala\u2019o auto seguru ba nia-an;<\/li>\n<li>Habelar cooperativa, Micro no empreza ki\u2019ik sira atu hametin espiritu solidariadade no esperitu de kooperasaun;<\/li>\n<li>Hamos cooperativa, Micro no empreza ki\u2019ik sira ne\u2019ebe la hatudu karakter solidarismu no kooperativismu;<\/li>\n<\/p>\n\n\n\n\n  \n\n     <\/div>\n  <\/div>\n\n    <div class=\"tab-pane\" id=\"objetivu\" role=\"tabpanel\">\n    <div class=\"card-body \">\n<p>Objektivu<\/p>\n<ul>\n<li>Hari kultura Organizasaun ho esp\u00edritu solidariedade no esp\u00edritu ba kooperasaun;<\/li>\n<li>Promove, kondisiona no fasilita atu sidadaun hotu hola parte iha vida cooperative;<\/li>\n<li>Eduka, forma no kapasita ajentes, operadores atu servi diak liu membru coperativa enjeral;<\/li>\n<li>Akompa\u00f1a , monitoriza no reforsa cooperativa, Micro, M\u00e9diu no empreza ki\u2019ik sira atu funsiona nu\u2019udar instituisaun;<\/li>\n<li>Mobiliza capital finanseira ba programa li\u00f1a de cr\u00e9dito;<\/li>\n<li>Reforsa cooperativa produsaun, grupos produtivos no individo sira hotu mak opera iha \u00e1rea agro-neg\u00f3siu,agro-kom\u00e9rsiu, agro-turizmu, agro-peku\u00e1ria no agro agrikultura atu iha produsaun ho kuantidade, kualidade no sustentabilidade.<\/li>\n<\/ul>\n<\/div>\n<\/div>\n\n<\/div>\n\n<script>\n \n<\/script>\n<\/div>\n          \n      <\/div>\n<\/div>\n\n\n\n<p><\/p>\n","protected":false},"excerpt":{"rendered":"<p>Profile \u00bb Historia | Vizaun &amp; Misaun | Objetivu | Historia: Cooperativa Jeralmente hahu iha&#8230;<\/p>\n","protected":false},"author":1,"featured_media":0,"parent":0,"menu_order":0,"comment_status":"closed","ping_status":"closed","template":"","meta":{"footnotes":""},"class_list":["post-831","page","type-page","status-publish","hentry"],"_links":{"self":[{"href":"https:\/\/secoop.gov.tl\/index.php?rest_route=\/wp\/v2\/pages\/831","targetHints":{"allow":["GET"]}}],"collection":[{"href":"https:\/\/secoop.gov.tl\/index.php?rest_route=\/wp\/v2\/pages"}],"about":[{"href":"https:\/\/secoop.gov.tl\/index.php?rest_route=\/wp\/v2\/types\/page"}],"author":[{"embeddable":true,"href":"https:\/\/secoop.gov.tl\/index.php?rest_route=\/wp\/v2\/users\/1"}],"replies":[{"embeddable":true,"href":"https:\/\/secoop.gov.tl\/index.php?rest_route=%2Fwp%2Fv2%2Fcomments&post=831"}],"version-history":[{"count":176,"href":"https:\/\/secoop.gov.tl\/index.php?rest_route=\/wp\/v2\/pages\/831\/revisions"}],"predecessor-version":[{"id":2101,"href":"https:\/\/secoop.gov.tl\/index.php?rest_route=\/wp\/v2\/pages\/831\/revisions\/2101"}],"wp:attachment":[{"href":"https:\/\/secoop.gov.tl\/index.php?rest_route=%2Fwp%2Fv2%2Fmedia&parent=831"}],"curies":[{"name":"wp","href":"https:\/\/api.w.org\/{rel}","templated":true}]}}