{"id":1673,"date":"2021-11-18T01:00:56","date_gmt":"2021-11-18T01:00:56","guid":{"rendered":"https:\/\/secoop.gov.tl\/?page_id=1673"},"modified":"2023-08-25T02:26:47","modified_gmt":"2023-08-25T02:26:47","slug":"vaga-servisu","status":"publish","type":"page","link":"https:\/\/secoop.gov.tl\/?page_id=1673","title":{"rendered":"Vaga Servisu"},"content":{"rendered":"\n<table id=\"tablepress-3\" class=\"tablepress tablepress-id-3\">\n<thead>\n<tr class=\"row-1\">\n\t<th class=\"column-1\">Nu.<\/th><th class=\"column-2\">Vaga Servisu<\/th><th class=\"column-3\">Data-Hahu<\/th><th class=\"column-4\">Data-Remata<\/th><th class=\"column-5\">Tetum<\/th><th class=\"column-6\">Portugues<\/th><th class=\"column-7\">English<\/th>\n<\/tr>\n<\/thead>\n<tbody class=\"row-striping row-hover\">\n<tr class=\"row-2\">\n\t<td class=\"column-1\">1.<\/td><td class=\"column-2\">secoop<\/td><td class=\"column-3\">12\/12\/2021<\/td><td class=\"column-4\">22\/12\/2021<\/td><td class=\"column-5\"><a href=\"https:\/\/secoop.gov.tl\/2021\/11\/19\/secoop-apresia-ho-inisiativa-feto-potensial-railaku-kraik-estabelese-cu-behafu\/\">SECoop Apr\u00e9sia Ho Inisiativa Feto Pot\u00e9nsi\u00e1l Railaku Kraik Estabelese CU BEHAFU<\/a><\/td><td class=\"column-6\"><\/td><td class=\"column-7\"><\/td>\n<\/tr>\n<tr class=\"row-3\">\n\t<td class=\"column-1\">2<\/td><td class=\"column-2\">vaga<\/td><td class=\"column-3\">03<\/td><td class=\"column-4\">10<\/td><td class=\"column-5\"><a href=\"http:\/\/secoop.gov.tl\/wp-content\/uploads\/2021\/11\/2021-11-16_160018-1.pdf\">klik iha nee<\/a><\/td><td class=\"column-6\"><\/td><td class=\"column-7\"><\/td>\n<\/tr>\n<tr class=\"row-4\">\n\t<td class=\"column-1\"><\/td><td class=\"column-2\"><\/td><td class=\"column-3\"><\/td><td class=\"column-4\"><\/td><td class=\"column-5\"><\/td><td class=\"column-6\"><\/td><td class=\"column-7\"><\/td>\n<\/tr>\n<tr class=\"row-5\">\n\t<td class=\"column-1\"><\/td><td class=\"column-2\"><\/td><td class=\"column-3\"><\/td><td class=\"column-4\"><\/td><td class=\"column-5\"><\/td><td class=\"column-6\"><\/td><td class=\"column-7\"><\/td>\n<\/tr>\n<\/tbody>\n<\/table>\n<!-- #tablepress-3 from cache -->\n\n\n\n<table id=\"tablepress-12\" class=\"tablepress tablepress-id-12\">\n<thead>\n<tr class=\"row-1\">\n\t<th class=\"column-1\">No<\/th><th class=\"column-2\">Naran<\/th><th class=\"column-3\">Titulu Vagas <\/th><th class=\"column-4\">Level<\/th><th class=\"column-5\">salarial<\/th>\n<\/tr>\n<\/thead>\n<tbody class=\"row-striping row-hover\">\n<tr class=\"row-2\">\n\t<td class=\"column-1\">1<\/td><td class=\"column-2\">Rosito Soares<\/td><td class=\"column-3\">Teknik Media<\/td><td class=\"column-4\">5<\/td><td class=\"column-5\">310<\/td>\n<\/tr>\n<\/tbody>\n<\/table>\n\n\n\n\n<table id=\"tablepress-17\" class=\"tablepress tablepress-id-17\">\n<thead>\n<tr class=\"row-1\">\n\t<th class=\"column-1\">Admin<\/th><th class=\"column-2\">DIresaun<\/th><th class=\"column-3\">Distritu<\/th><th class=\"column-4\">Jadwal Test<\/th>\n<\/tr>\n<\/thead>\n<tbody class=\"row-striping row-hover\">\n<tr class=\"row-2\">\n\t<td class=\"column-1\">2<\/td><td class=\"column-2\">4<\/td><td class=\"column-3\">5<\/td><td class=\"column-4\"><a href=\"https:\/\/secoop.gov.tl\/wp-content\/uploads\/2023\/08\/TEST-UPLOAD-1.pdf\" rel=\"noopener\" target=\"_blank\">ToR<\/a><\/td>\n<\/tr>\n<tr class=\"row-3\">\n\t<td class=\"column-1\"><\/td><td class=\"column-2\"><\/td><td class=\"column-3\"><\/td><td class=\"column-4\"><\/td>\n<\/tr>\n<\/tbody>\n<\/table>\n\n","protected":false},"excerpt":{"rendered":"","protected":false},"author":1,"featured_media":0,"parent":0,"menu_order":0,"comment_status":"closed","ping_status":"closed","template":"","meta":{"footnotes":""},"class_list":["post-1673","page","type-page","status-publish","hentry"],"_links":{"self":[{"href":"https:\/\/secoop.gov.tl\/index.php?rest_route=\/wp\/v2\/pages\/1673","targetHints":{"allow":["GET"]}}],"collection":[{"href":"https:\/\/secoop.gov.tl\/index.php?rest_route=\/wp\/v2\/pages"}],"about":[{"href":"https:\/\/secoop.gov.tl\/index.php?rest_route=\/wp\/v2\/types\/page"}],"author":[{"embeddable":true,"href":"https:\/\/secoop.gov.tl\/index.php?rest_route=\/wp\/v2\/users\/1"}],"replies":[{"embeddable":true,"href":"https:\/\/secoop.gov.tl\/index.php?rest_route=%2Fwp%2Fv2%2Fcomments&post=1673"}],"version-history":[{"count":8,"href":"https:\/\/secoop.gov.tl\/index.php?rest_route=\/wp\/v2\/pages\/1673\/revisions"}],"predecessor-version":[{"id":2265,"href":"https:\/\/secoop.gov.tl\/index.php?rest_route=\/wp\/v2\/pages\/1673\/revisions\/2265"}],"wp:attachment":[{"href":"https:\/\/secoop.gov.tl\/index.php?rest_route=%2Fwp%2Fv2%2Fmedia&parent=1673"}],"curies":[{"name":"wp","href":"https:\/\/api.w.org\/{rel}","templated":true}]}}