{"id":1000,"date":"2021-10-08T06:52:41","date_gmt":"2021-10-08T06:52:41","guid":{"rendered":"https:\/\/secoop.gov.tl\/?page_id=1000"},"modified":"2021-10-11T06:31:05","modified_gmt":"2021-10-11T06:31:05","slug":"direction","status":"publish","type":"page","link":"https:\/\/secoop.gov.tl\/?page_id=1000&lang=en","title":{"rendered":"Direction"},"content":{"rendered":"\n<div class=\"row\">\n      <div class=\"col-md-12 mg-card-box padding-20\">\n            <div class=\"yoast-breadcrumbs\"><span><span><a href=\"https:\/\/secoop.gov.tl\/\">programa no servisu<\/a> \u00bb <strong class=\"breadcrumb_last\" aria-current=\"page\">Diresaun<\/strong><\/span><\/span><\/div>\n\n\n<hr class=\"wp-block-separator\">\n\n\n\n<title><\/title>\n  <meta charset=\"utf-8\">\n  <meta name=\"viewport\" content=\"width=device-width, initial-scale=1\">\n\n<br>\n<div class=\"container\">\n  <h2><\/h2>\n  <ul class=\"nav nav-tabs\" id=\"myTab\" role=\"tablist\">\n  <li class=\"nav-item\">\n    <a class=\"nav-link active\" data-toggle=\"tab\" href=\"#DGPDC \" role=\"tab\" aria-controls=\"DGPDC\" style=\"color:#333333;\">Gabinete- DGPDC <\/a>\n  <\/li>\n <li class=\"nav-item\">\n  ||\n  <\/li>\n  <li class=\"nav-item\">\n    <a class=\"nav-link\" data-toggle=\"tab\" href=\"#DGAFP\" role=\"tab\" aria-controls=\"DGAFP\" style=\"color:#333333;\">Gabinete-DGAFP<\/a>\n  <\/li>\n\n\n<\/ul>\n\n<div class=\"tab-content\">\n\n  <!-- Start of human resource -->\n  <div class=\"tab-pane active\" id=\"DGPDC\" role=\"tabpanel\">\n    \n    <h4>Dire\u00e7\u00e3o-Geral de promo\u00e7\u00e3o e Desenvolvimento de Cooperativas (Gabinete- DGPDC):<\/h4>\n<p>Composto husi Dire\u00e7\u00e3o Lima(5) mak hanesan:<\/p>\n\n<h4>&#8211; Dire\u00e7\u00e3o Nacional de Educa\u00e7\u00e3o, forma\u00e7\u00e3o e informa\u00e7\u00e3o.<\/h4>\n<p>Composto husi Dep tolu (3) mak hanesan tuir mai ne\u2019e:<\/p>\n<ul>\n<li>Dep.Administra\u00e7\u00e3o e Gest\u00e3o de Educa\u00e7\u00e3o, forma\u00e7\u00e3o e Informa\u00e7\u00e3o<\/li>\n<li> Dep .de Organiza\u00e7\u00e3o , Elabora\u00e7\u00e3o de modolos e certifica\u00e7\u00e3o <\/li>\n<li>Dep. de Refor\u00e7o Instituicional do Centro de Forma\u00e7\u00e3o do movimento de Cooperativas e Dez.Tecnol\u00f3gico<\/li>\n<\/ul>\n<h4>&#8211; Dire\u00e7\u00e3o Nacional de Desenvolvimento, das coop. Financeiras.<\/h4>\n<p>Composto husi Dep. rua (2) mak hanesan tuir mai ne\u2019e:<\/p>\n<ul>\n<li>Dep. de Administra\u00e7\u00e3o Plano e Programa<\/li>\n<li>Dep. de Gest\u00e3o de acompanhamento, Monitoriza\u00e7\u00e3o e Auditoria<\/li>\n<\/ul>\n<h4>&#8211; Dire\u00e7\u00e3o Nacional de Desenvolvimento das cooperativas de produ\u00e7\u00e3o.<\/h4>\n<p>Composto husi Dep. rua (2) mak hanesan tuir mai ne\u2019e:<\/p>\n<ul>\n<li>Dep. de Adminitra\u00e7\u00e3o Plano e Programas<\/li>\n<li> Dep. de Gest\u00e3o de Acompanhamento, Monitoriza\u00e7\u00e3o e Auditoria<\/li>\n<\/ul>\n<h4>&#8211; Dire\u00e7\u00e3o Nacional de Juventude e Trabalho.<\/h4>\n<p>Composto husi Dep. rua (2) mak hanesan tuir mai ne\u2019e:<\/p>\n<ul>\n<li>Dep . de Administra\u00e7\u00e3o e Mobiliza\u00e7\u00e3o<\/li>\n<li>Dep. de Trabalho, Produ\u00e7\u00e3o e Comercializa\u00e7\u00e3o<\/li>\n<\/ul>\n<h4>&#8211; DELEGA\u04aa\u00d5ES Municipais <\/h4>\n<p>Composto husi Dep. rua (2) mak hanesan tuir mai ne\u2019e:<\/p>\n<ul>\n<li>Dep. de Administra\u00e7\u00e3o e Finan\u00e7as<\/li>\n<li>Dep. de Gest\u00e3o de Acompanhamento, Monitoriza\u00e7\u00e3o e Avalia\u00e7\u00e3o.<\/li>\n<\/ul>\n              <div class=\"row\">\n                <div class=\"col-md-6 text-justify\">\n                  <p><\/p>\n                <\/div>\n                <div class=\"col-md-6 text-justify\">\n                  <p><\/p>\n                \n                <\/div>\n                <div><p><\/p><\/div>\n                \n                \n               <\/div>\n\n  <\/div>\n<!-- end of -->\n\n<!-- Start -->\n\n  <div class=\"tab-pane\" id=\"DGAFP\" role=\"tabpanel\">\n    <div class=\"card-body \">\n    \n    <h4>Dire\u00e7\u00e3o-Geral de Administra\u00e7\u00e3o, Finan\u00e7as e Planeamento (Gabinete-DGAFP)\n<\/h4>\n<p>Composto husi Dire\u00e7\u00e3o Haat (4) mak hanesan:<\/p>\n<h4>&#8211; Dire\u00e7\u00e3o Nacional de Administra\u00e7\u00e3o e Finan\u00e7as<\/h4>\n<p>Composto husi Dep. tolu (3) mak hanesan tuir mai ne\u2019e:<\/p>\n<ul>\n<li>Dep. Administra\u00e7\u00e3o e Finan\u00e7as<\/li>\n<li>Dep. de M\u00e9dia e Informa\u00e7\u00e3o Tecnol\u00f3gica<\/li>\n<li>Dep. de Gest\u00e3o de Arquivo<\/li>\n<\/ul>\n<h4>&#8211; Dire\u00e7\u00e3o Nacional de Aprovisionamento e Log\u00edstico<\/h4>\n<p>Composto husi Dep. rua (2) mak hanesan tuir mai ne\u2019e:<\/p>\n<ul>\n<li>Dep. de Aprovisionamento<\/li>\n<li>Dep. Log\u00edstico<\/li>\n<\/ul>\n<h4>&#8211; Dire\u00e7\u00e3o Nacional dos Recursos Humano<\/h4>\n<p>Composto husi Dep. rua (2) mak hanesan tuir mai ne\u2019e:<\/p>\n<ul>\n<li>Dep. de Administra\u00e7\u00e3o, Recrutamento, Avalia\u00e7\u00e3o e Promo\u00e7\u00e3o de Pessoal<\/li>\n<li>Dep. de Registo e Base de Dadus do Pessoal.<\/li>\n<\/ul>\n<h4>&#8211; Dire\u00e7\u00e3o Nacional Planeamento e Programas<\/h4>\n<p>Composto husi Dep. tolu (3) mak hanesan tuir mai ne\u2019e:<\/p>\n<ul>\n<li>Dep. de Planeamento e Programas<\/li>\n<li>Dep. de Pesquisa e Base de Dados de Cooperativas<\/li>\n<li>Dep. de Registo, Sertifica\u00e7\u00e3o e Suprevis\u00e3o.<\/li>\n<\/ul>\n  \n\n     <\/div>\n  <\/div>\n\n  \n<\/div>\n\n<script>\n \n<\/script>\n<\/div>\n          \n      <\/div>\n    <\/div>\n","protected":false},"excerpt":{"rendered":"<p>programa no servisu \u00bb Diresaun Gabinete- DGPDC || Gabinete-DGAFP Dire\u00e7\u00e3o-Geral de promo\u00e7\u00e3o e Desenvolvimento de&#8230;<\/p>\n","protected":false},"author":1,"featured_media":0,"parent":0,"menu_order":0,"comment_status":"closed","ping_status":"closed","template":"","meta":{"footnotes":""},"class_list":["post-1000","page","type-page","status-publish","hentry"],"_links":{"self":[{"href":"https:\/\/secoop.gov.tl\/index.php?rest_route=\/wp\/v2\/pages\/1000","targetHints":{"allow":["GET"]}}],"collection":[{"href":"https:\/\/secoop.gov.tl\/index.php?rest_route=\/wp\/v2\/pages"}],"about":[{"href":"https:\/\/secoop.gov.tl\/index.php?rest_route=\/wp\/v2\/types\/page"}],"author":[{"embeddable":true,"href":"https:\/\/secoop.gov.tl\/index.php?rest_route=\/wp\/v2\/users\/1"}],"replies":[{"embeddable":true,"href":"https:\/\/secoop.gov.tl\/index.php?rest_route=%2Fwp%2Fv2%2Fcomments&post=1000"}],"version-history":[{"count":2,"href":"https:\/\/secoop.gov.tl\/index.php?rest_route=\/wp\/v2\/pages\/1000\/revisions"}],"predecessor-version":[{"id":1120,"href":"https:\/\/secoop.gov.tl\/index.php?rest_route=\/wp\/v2\/pages\/1000\/revisions\/1120"}],"wp:attachment":[{"href":"https:\/\/secoop.gov.tl\/index.php?rest_route=%2Fwp%2Fv2%2Fmedia&parent=1000"}],"curies":[{"name":"wp","href":"https:\/\/api.w.org\/{rel}","templated":true}]}}